{"id":108,"date":"2019-09-06T08:16:19","date_gmt":"2019-09-06T06:16:19","guid":{"rendered":"https:\/\/topdruk24.com\/?page_id=108"},"modified":"2019-10-18T11:41:39","modified_gmt":"2019-10-18T09:41:39","slug":"uslugi","status":"publish","type":"page","link":"https:\/\/topdruk24.com\/en\/uslugi\/","title":{"rendered":"Services"},"content":{"rendered":"<p>Currently, the printing market is developing very quickly, therefore our desire is for customers to find our offer attractive. The key issue is to deliver orders as quickly as possible and to create publications of the highest quality that meet all the requirements and wishes of customers<\/p>\n\n\n\n<p><\/p>\n\n\n\n<p><\/p>\n\n\n\n<p><\/p>\n\n\n\n<p><\/p>","protected":false},"excerpt":{"rendered":"<p>Obecnie rynek poligraficzny rozwija si\u0119 bardzo szybko, dlatego naszym pragnieniem jest, aby Klienci uznali nasz\u0105 ofert\u0119 za atrakcyjn\u0105. Kluczow\u0105 spraw\u0105 jest dostarczanie zam\u00f3wie\u0144 tak szybko, jak<span class=\"excerpt-hellip\"> [\u2026]<\/span><\/p>","protected":false},"author":3,"featured_media":0,"parent":0,"menu_order":0,"comment_status":"closed","ping_status":"closed","template":"","meta":{"_exactmetrics_skip_tracking":false,"_exactmetrics_sitenote_active":false,"_exactmetrics_sitenote_note":"","_exactmetrics_sitenote_category":0,"footnotes":""},"_links":{"self":[{"href":"https:\/\/topdruk24.com\/en\/wp-json\/wp\/v2\/pages\/108"}],"collection":[{"href":"https:\/\/topdruk24.com\/en\/wp-json\/wp\/v2\/pages"}],"about":[{"href":"https:\/\/topdruk24.com\/en\/wp-json\/wp\/v2\/types\/page"}],"author":[{"embeddable":true,"href":"https:\/\/topdruk24.com\/en\/wp-json\/wp\/v2\/users\/3"}],"replies":[{"embeddable":true,"href":"https:\/\/topdruk24.com\/en\/wp-json\/wp\/v2\/comments?post=108"}],"version-history":[{"count":7,"href":"https:\/\/topdruk24.com\/en\/wp-json\/wp\/v2\/pages\/108\/revisions"}],"predecessor-version":[{"id":652,"href":"https:\/\/topdruk24.com\/en\/wp-json\/wp\/v2\/pages\/108\/revisions\/652"}],"wp:attachment":[{"href":"https:\/\/topdruk24.com\/en\/wp-json\/wp\/v2\/media?parent=108"}],"curies":[{"name":"wp","href":"https:\/\/api.w.org\/{rel}","templated":true}]}}