{"id":12,"date":"2019-07-26T14:59:06","date_gmt":"2019-07-26T12:59:06","guid":{"rendered":"https:\/\/themes.muffingroup.com\/be\/print3\/?page_id=12"},"modified":"2019-10-16T13:55:52","modified_gmt":"2019-10-16T11:55:52","slug":"o-nas","status":"publish","type":"page","link":"https:\/\/topdruk24.com\/en\/o-nas\/","title":{"rendered":"About us"},"content":{"rendered":"<h4 class=\"wp-block-heading\">What makes the Top Druk24 printing stand out if there is so much competition around? Well, our strength is the experience of people who work in it and willingness to help in the implementation of orders.<\/h4>\n\n\n\n<p><\/p>","protected":false},"excerpt":{"rendered":"<p>Czym si\u0119 wyr\u00f3\u017cnia drukarnia Top Druk24 skoro wok\u00f3\u0142 jest tak du\u017ca konkurencja? Ot\u00f3\u017c nasz\u0105 mocn\u0105 stron\u0105 jest do\u015bwiadczenie ludzi, kt\u00f3rzy w niej pracuj\u0105 oraz gotowo\u015b\u0107 do<span class=\"excerpt-hellip\"> [\u2026]<\/span><\/p>","protected":false},"author":3,"featured_media":0,"parent":0,"menu_order":0,"comment_status":"closed","ping_status":"closed","template":"","meta":{"_exactmetrics_skip_tracking":false,"_exactmetrics_sitenote_active":false,"_exactmetrics_sitenote_note":"","_exactmetrics_sitenote_category":0,"footnotes":""},"_links":{"self":[{"href":"https:\/\/topdruk24.com\/en\/wp-json\/wp\/v2\/pages\/12"}],"collection":[{"href":"https:\/\/topdruk24.com\/en\/wp-json\/wp\/v2\/pages"}],"about":[{"href":"https:\/\/topdruk24.com\/en\/wp-json\/wp\/v2\/types\/page"}],"author":[{"embeddable":true,"href":"https:\/\/topdruk24.com\/en\/wp-json\/wp\/v2\/users\/3"}],"replies":[{"embeddable":true,"href":"https:\/\/topdruk24.com\/en\/wp-json\/wp\/v2\/comments?post=12"}],"version-history":[{"count":4,"href":"https:\/\/topdruk24.com\/en\/wp-json\/wp\/v2\/pages\/12\/revisions"}],"predecessor-version":[{"id":622,"href":"https:\/\/topdruk24.com\/en\/wp-json\/wp\/v2\/pages\/12\/revisions\/622"}],"wp:attachment":[{"href":"https:\/\/topdruk24.com\/en\/wp-json\/wp\/v2\/media?parent=12"}],"curies":[{"name":"wp","href":"https:\/\/api.w.org\/{rel}","templated":true}]}}