{"id":16,"date":"2019-07-26T15:00:02","date_gmt":"2019-07-26T13:00:02","guid":{"rendered":"https:\/\/themes.muffingroup.com\/be\/print3\/?page_id=16"},"modified":"2019-10-18T11:12:29","modified_gmt":"2019-10-18T09:12:29","slug":"realizacje","status":"publish","type":"page","link":"https:\/\/topdruk24.com\/en\/realizacje\/","title":{"rendered":"Our projects"},"content":{"rendered":"<p> Check our news and current product realizations. TopDruk24 printing house has been dealing with digital and offset printing for advertising agencies, publishing houses and individual clients for over 15 years. <\/p>\n\n\n\n<p> Below is a gallery of some products. At the client's request, we send samples of our work to check the quality of our work. Please contact us!<\/p>","protected":false},"excerpt":{"rendered":"<p>Sprawd\u017a nasze aktualno\u015bci oraz dotychczasowe\u00a0realizacje\u00a0produkt\u00f3w.\u00a0Drukarnia\u00a0TopDruk24 od ponad 15 lat zajmuje si\u0119 drukiem cyfrowym i offsetowym dla agencji reklamowych, wydawnictw i klient\u00f3w indywidualnych. Poni\u017cej galeria niekt\u00f3rych produkt\u00f3w.Na<span class=\"excerpt-hellip\"> [\u2026]<\/span><\/p>","protected":false},"author":3,"featured_media":0,"parent":0,"menu_order":0,"comment_status":"closed","ping_status":"closed","template":"template-portfolio.php","meta":{"_exactmetrics_skip_tracking":false,"_exactmetrics_sitenote_active":false,"_exactmetrics_sitenote_note":"","_exactmetrics_sitenote_category":0,"footnotes":""},"_links":{"self":[{"href":"https:\/\/topdruk24.com\/en\/wp-json\/wp\/v2\/pages\/16"}],"collection":[{"href":"https:\/\/topdruk24.com\/en\/wp-json\/wp\/v2\/pages"}],"about":[{"href":"https:\/\/topdruk24.com\/en\/wp-json\/wp\/v2\/types\/page"}],"author":[{"embeddable":true,"href":"https:\/\/topdruk24.com\/en\/wp-json\/wp\/v2\/users\/3"}],"replies":[{"embeddable":true,"href":"https:\/\/topdruk24.com\/en\/wp-json\/wp\/v2\/comments?post=16"}],"version-history":[{"count":4,"href":"https:\/\/topdruk24.com\/en\/wp-json\/wp\/v2\/pages\/16\/revisions"}],"predecessor-version":[{"id":644,"href":"https:\/\/topdruk24.com\/en\/wp-json\/wp\/v2\/pages\/16\/revisions\/644"}],"wp:attachment":[{"href":"https:\/\/topdruk24.com\/en\/wp-json\/wp\/v2\/media?parent=16"}],"curies":[{"name":"wp","href":"https:\/\/api.w.org\/{rel}","templated":true}]}}