{"id":3,"date":"2019-09-06T08:01:42","date_gmt":"2019-09-06T06:01:42","guid":{"rendered":"https:\/\/topdruk24.com\/?page_id=3"},"modified":"2019-10-18T10:07:19","modified_gmt":"2019-10-18T08:07:19","slug":"polityka-prywatnosci","status":"publish","type":"page","link":"https:\/\/topdruk24.com\/en\/polityka-prywatnosci\/","title":{"rendered":"Privacy policy"},"content":{"rendered":"<div class=\"translation-block\">W\u0142a\u015bcicielem marki TopDruk24.pl oraz TopDruk24.com jest:<br \/>\nTOP DRUK SP\u00d3\u0141KA Z O.O. SP\u00d3\u0141KA KOMANDYTOWA z siedzib\u0105<br \/>\nw \u0141om\u017cy, ul. Nowogrodzka 151 A , NIP: 7182138020<br \/>\n<b>TopDruk24.com<\/b> zwana stron\u0105 wizyt\u00f3wkow\u0105 jest <b>integraln\u0105 cz\u0119\u015bci\u0105 serwisu TopDruk24.pl.<\/b> Z tego powodu wszelkie dane gromadzone przez stron\u0119 wizyt\u00f3wkow\u0105 s\u0105 zgodne z polityk\u0105 prywatno\u015bci: https:\/\/topdruk24.pl\/dla_klienta\/polityka_prywatnosci\/<\/p>\n<ol style=\"color: #000000; padding-bottom: 20px;\">\n<li>Zgodnie z ustaw\u0105 o ochronie danych osobowych zobowi\u0105zujemy si\u0119 do zachowania bezpiecze\u0144stwa i poufno\u015bci pozyskanych danych osobowych. Wszyscy pracownicy TOP DRUK SP\u00d3\u0141KA Z O.O. SP\u00d3\u0141KA KOMANDYTOWA odpowiedzialni za realizacj\u0119 i administrowanie stronami TopDruk24.pl oraz TopDruk24.com s\u0105 odpowiednio przeszkoleni w zakresie przetwarzania i ochrony danych osobowych.<\/li>\n<li>Zgodnie z postanowieniami ustawy o ochronie danych osobowych z dnia 29 sierpnia 1997 roku, Dz. U. nr 133 poz. 883 z p\u00f3\u017an. zm. U\u017cytkownik Serwisu ma prawo poprawiania, uzupe\u0142niania, uaktualniania, sprostowania oraz \u017c\u0105dania usuni\u0119cia swoich danych osobowych w ka\u017cdym czasie. W tym celu nale\u017cy skorzysta\u0107 z w\u0142a\u015bciwych zak\u0142adek w serwisu internetowego lub przes\u0142a\u0107 e\u2013mail na biuro@topdruk24.pl lub listem poleconym na adres: Nowogrodzka 151a, 18-400 \u0141om\u017ca.<\/li>\n<\/ol>\n<\/div>","protected":false},"excerpt":{"rendered":"<p>W\u0142a\u015bcicielem marki TopDruk24.pl oraz TopDruk24.com jest: TOP DRUK SP\u00d3\u0141KA Z O.O. SP\u00d3\u0141KA KOMANDYTOWA z siedzib\u0105 w \u0141om\u017cy, ul. Nowogrodzka 151 A , NIP: 7182138020 TopDruk24.com zwana<span class=\"excerpt-hellip\"> [\u2026]<\/span><\/p>","protected":false},"author":1,"featured_media":0,"parent":0,"menu_order":0,"comment_status":"closed","ping_status":"closed","template":"","meta":{"_exactmetrics_skip_tracking":false,"_exactmetrics_sitenote_active":false,"_exactmetrics_sitenote_note":"","_exactmetrics_sitenote_category":0,"footnotes":""},"_links":{"self":[{"href":"https:\/\/topdruk24.com\/en\/wp-json\/wp\/v2\/pages\/3"}],"collection":[{"href":"https:\/\/topdruk24.com\/en\/wp-json\/wp\/v2\/pages"}],"about":[{"href":"https:\/\/topdruk24.com\/en\/wp-json\/wp\/v2\/types\/page"}],"author":[{"embeddable":true,"href":"https:\/\/topdruk24.com\/en\/wp-json\/wp\/v2\/users\/1"}],"replies":[{"embeddable":true,"href":"https:\/\/topdruk24.com\/en\/wp-json\/wp\/v2\/comments?post=3"}],"version-history":[{"count":7,"href":"https:\/\/topdruk24.com\/en\/wp-json\/wp\/v2\/pages\/3\/revisions"}],"predecessor-version":[{"id":660,"href":"https:\/\/topdruk24.com\/en\/wp-json\/wp\/v2\/pages\/3\/revisions\/660"}],"wp:attachment":[{"href":"https:\/\/topdruk24.com\/en\/wp-json\/wp\/v2\/media?parent=3"}],"curies":[{"name":"wp","href":"https:\/\/api.w.org\/{rel}","templated":true}]}}