{"id":473,"date":"2019-10-04T13:56:13","date_gmt":"2019-10-04T11:56:13","guid":{"rendered":"https:\/\/topdruk24.com\/?page_id=473"},"modified":"2019-10-18T09:47:57","modified_gmt":"2019-10-18T07:47:57","slug":"ochrona-srodowiska","status":"publish","type":"page","link":"https:\/\/topdruk24.com\/en\/ochrona-srodowiska\/","title":{"rendered":"Enviroment protection"},"content":{"rendered":"<h3 class=\"wp-block-heading\"><\/h3>\n\n\n\n<p>Nowadays, environmental protection is extremely important. For this reason, many companies try to care for ecology. This benefits both nature and the enterprises themselves. People value ecological activities, therefore  we have introduced them permanently in our printing house.<br><\/p>\n\n\n\n<p><\/p>\n\n\n\n<p><\/p>","protected":false},"excerpt":{"rendered":"<p>W dzisiejszych czasach ochrona \u015brodowiska jest niezwykle wa\u017cna. Z tego powodu wiele firm stara si\u0119 dba\u0107 o ekologi\u0119. Przynosi to korzy\u015bci zar\u00f3wno dla przyrody, jak i<span class=\"excerpt-hellip\"> [\u2026]<\/span><\/p>","protected":false},"author":3,"featured_media":0,"parent":0,"menu_order":0,"comment_status":"closed","ping_status":"closed","template":"","meta":{"_exactmetrics_skip_tracking":false,"_exactmetrics_sitenote_active":false,"_exactmetrics_sitenote_note":"","_exactmetrics_sitenote_category":0,"footnotes":""},"_links":{"self":[{"href":"https:\/\/topdruk24.com\/en\/wp-json\/wp\/v2\/pages\/473"}],"collection":[{"href":"https:\/\/topdruk24.com\/en\/wp-json\/wp\/v2\/pages"}],"about":[{"href":"https:\/\/topdruk24.com\/en\/wp-json\/wp\/v2\/types\/page"}],"author":[{"embeddable":true,"href":"https:\/\/topdruk24.com\/en\/wp-json\/wp\/v2\/users\/3"}],"replies":[{"embeddable":true,"href":"https:\/\/topdruk24.com\/en\/wp-json\/wp\/v2\/comments?post=473"}],"version-history":[{"count":3,"href":"https:\/\/topdruk24.com\/en\/wp-json\/wp\/v2\/pages\/473\/revisions"}],"predecessor-version":[{"id":633,"href":"https:\/\/topdruk24.com\/en\/wp-json\/wp\/v2\/pages\/473\/revisions\/633"}],"wp:attachment":[{"href":"https:\/\/topdruk24.com\/en\/wp-json\/wp\/v2\/media?parent=473"}],"curies":[{"name":"wp","href":"https:\/\/api.w.org\/{rel}","templated":true}]}}