{"id":608,"date":"2019-10-11T14:51:54","date_gmt":"2019-10-11T12:51:54","guid":{"rendered":"https:\/\/topdruk24.com\/?page_id=608"},"modified":"2019-10-18T10:12:06","modified_gmt":"2019-10-18T08:12:06","slug":"polityka-rodo","status":"publish","type":"page","link":"https:\/\/topdruk24.com\/en\/polityka-rodo\/","title":{"rendered":"Polityka RODO"},"content":{"rendered":"<p class=\"translation-block\">\n\n\n\n\n\n\n\n\n\n\n\n\n\n\n\n\n\nKlauzula\ninformacyjna RODO w zakresie przetwarzania danych osobowych<br><br>\n1. Administratorem danych osobowych jest : TOP DRUK SP\u00d3\u0141KA Z O.O. SP\u00d3\u0141KA\nKOMANDYTOWA z siedzib\u0105 w \u0141om\u017cy, Ul. Nowogrodzka 151 A , NIP: 7182138020<br><br>\n2. Administrator wyznaczy\u0142 inspektora ochrony danych osobowych. Dane kontaktowe\ninspektora: Marek Jastrz\u0119bski<br><br>\n3. Przekazane dane osobowe przetwarzane b\u0119d\u0105 w celu realizacji us\u0142ug, obs\u0142ugi\nzg\u0142osze\u0144 i udzielania odpowiedzi na zg\u0142oszenia;<br><br>\n4. Kategorie danych osobowych obejmuj\u0105 m.in. imi\u0119 i nazwisko, numer telefonu,\nadres e-mail, adres, dane dedykowane do procesu\/us\u0142ugi\/projektu;<br><br>\n5. Pani \/ Pana dane osobowe mog\u0105 by\u0107 przekazywane podmiotom przetwarzaj\u0105cym\ndane osobowe na zlecenie administratora seriwsu .<br><br>\n6. Pa\u0144stwa dane osobowe b\u0119d\u0105 przechowywane przez okres istnienia prawnie\nuzasadnionego interesu administratora, chyba \u017ce Pani \/ Pan wyrazi sprzeciw\nwobec przetwarzania danych;<br><br>\n7. Pa\u0144stwa dane nie b\u0119d\u0105 przekazywane do pa\u0144stwa trzeciego ani organizacji\nmi\u0119dzynarodowej;<br><br>\n8. Posiadaj\u0105 Pa\u0144stwo prawo dost\u0119pu do tre\u015bci swoich danych oraz prawo ich\nsprostowania, usuni\u0119cia, ograniczenia przetwarzania, prawo do przenoszenia\ndanych, prawo wniesienia sprzeciwu, prawo do cofni\u0119cia zgody w dowolnym\nmomencie bez wp\u0142ywu na zgodno\u015b\u0107 z prawem przetwarzania, kt\u00f3rego dokonano na\npodstawie zgody przed jej cofni\u0119ciem;<br><br>\n9. Maj\u0105 Pa\u0144stwo prawo wniesienia skargi do organu nadzorczego zajmuj\u0105cego si\u0119\nochron\u0105 danych osobowych, kt\u00f3rym jest Prezes Urz\u0119du Ochrony Danych Osobowych,\ngdy uznaj\u0105 Pa\u0144stwo, i\u017c przetwarzanie Pa\u0144stwa danych osobowych narusza przepisy\nustawy z dnia 10 maja 2018 r. o ochronie danych osobowych (tekst jednolity Dz.\nU. z 2018 r., poz. 1000) lub przepisy Rozporz\u0105dzenia Parlamentu Europejskiego i\nRady (UE) 2016\/679 z dnia 27 kwietnia 2016 r. w sprawie ochrony os\u00f3b fizycznych\nw zwi\u0105zku z przetwarzaniem danych osobowych i w sprawie swobodnego przep\u0142ywu\ntakich danych oraz uchylenia dyrektywy 95\/46\/WE (og\u00f3lne rozporz\u0105dzenie o\nochronie danych) z dnia 27 kwietnia 2016 r. (Dz.Urz.UE.L Nr 119, str. 1);<br><br>\n10. Dane udost\u0119pnione przez Pani\u0105\/Pana nie b\u0119d\u0105 podlega\u0142y zautomatyzowanemu\npodejmowaniu decyzji oraz profilowaniu; <br><br>\n11. Dane pochodz\u0105 od os\u00f3b, kt\u00f3rych dane dotycz\u0105;\n\n\n\n<\/p>","protected":false},"excerpt":{"rendered":"<p>Klauzula informacyjna RODO w zakresie przetwarzania danych osobowych 1. Administratorem danych osobowych jest : TOP DRUK SP\u00d3\u0141KA Z O.O. SP\u00d3\u0141KA KOMANDYTOWA z siedzib\u0105 w \u0141om\u017cy, Ul.<span class=\"excerpt-hellip\"> [\u2026]<\/span><\/p>","protected":false},"author":3,"featured_media":0,"parent":0,"menu_order":0,"comment_status":"closed","ping_status":"closed","template":"","meta":{"_exactmetrics_skip_tracking":false,"_exactmetrics_sitenote_active":false,"_exactmetrics_sitenote_note":"","_exactmetrics_sitenote_category":0,"footnotes":""},"_links":{"self":[{"href":"https:\/\/topdruk24.com\/en\/wp-json\/wp\/v2\/pages\/608"}],"collection":[{"href":"https:\/\/topdruk24.com\/en\/wp-json\/wp\/v2\/pages"}],"about":[{"href":"https:\/\/topdruk24.com\/en\/wp-json\/wp\/v2\/types\/page"}],"author":[{"embeddable":true,"href":"https:\/\/topdruk24.com\/en\/wp-json\/wp\/v2\/users\/3"}],"replies":[{"embeddable":true,"href":"https:\/\/topdruk24.com\/en\/wp-json\/wp\/v2\/comments?post=608"}],"version-history":[{"count":2,"href":"https:\/\/topdruk24.com\/en\/wp-json\/wp\/v2\/pages\/608\/revisions"}],"predecessor-version":[{"id":610,"href":"https:\/\/topdruk24.com\/en\/wp-json\/wp\/v2\/pages\/608\/revisions\/610"}],"wp:attachment":[{"href":"https:\/\/topdruk24.com\/en\/wp-json\/wp\/v2\/media?parent=608"}],"curies":[{"name":"wp","href":"https:\/\/api.w.org\/{rel}","templated":true}]}}