{"id":72,"date":"2019-07-26T13:08:19","date_gmt":"2019-07-26T13:08:19","guid":{"rendered":"https:\/\/themes.muffingroup.com\/be\/print3\/?page_id=2"},"modified":"2019-11-25T09:22:45","modified_gmt":"2019-11-25T08:22:45","slug":"drukarnia-top-druk24-druk-cyfrowy-i-offsetowy-gwarancja-jakosci-i-terminow","status":"publish","type":"page","link":"https:\/\/topdruk24.com\/en\/","title":{"rendered":"Drukarnia Top Druk24"},"content":{"rendered":"<p>Full customer satisfaction is an important goal&nbsp;<strong>for Top Druk printing house.&nbsp;<\/strong>&nbsp;We have a qualified team of specialists - enthusiasts<strong>&nbsp;who tend to gain the highest product quality.&nbsp;<\/strong>We create products with passion. <\/p>\n\n\n\n<p>We are a modern company that changes the image of printing based on the latest technologies and innovative solutions in the design and implementation of printing services. Every day we are looking for modern solutions for our products and your inquiries. We are looking for solutions that can become innovative on the printing market. <\/p>\n\n\n\n<p>We have an online store that supports the online calculator, which allows free calculation of the expected product circulation, saving the time of printing house  and the need for additional valuations. We accept orders through the Internet, and the printed work is sent by courier. Finished products go directly into your hands, and at every stage of the order you can be sure that the order is being handled by the assigned customer assistant. Check us out. <\/p>","protected":false},"excerpt":{"rendered":"<p>Top Druk to drukarnia, dla kt\u00f3rej wa\u017cnym celem jest&nbsp;pe\u0142ne zadowolenie Klienta.&nbsp;&nbsp;Posiadamy wykwalifikowan\u0105 kadr\u0119 specjalist\u00f3w &#8211; pasjonat\u00f3w, dla kt\u00f3rych&nbsp;wysoka jako\u015b\u0107 produktu&nbsp;jest najwy\u017cszym priorytetem. Tworzymy produkty z pasj\u0105.<span class=\"excerpt-hellip\"> [\u2026]<\/span><\/p>","protected":false},"author":3,"featured_media":0,"parent":0,"menu_order":0,"comment_status":"closed","ping_status":"closed","template":"","meta":{"_exactmetrics_skip_tracking":false,"_exactmetrics_sitenote_active":false,"_exactmetrics_sitenote_note":"","_exactmetrics_sitenote_category":0,"footnotes":""},"_links":{"self":[{"href":"https:\/\/topdruk24.com\/en\/wp-json\/wp\/v2\/pages\/72"}],"collection":[{"href":"https:\/\/topdruk24.com\/en\/wp-json\/wp\/v2\/pages"}],"about":[{"href":"https:\/\/topdruk24.com\/en\/wp-json\/wp\/v2\/types\/page"}],"author":[{"embeddable":true,"href":"https:\/\/topdruk24.com\/en\/wp-json\/wp\/v2\/users\/3"}],"replies":[{"embeddable":true,"href":"https:\/\/topdruk24.com\/en\/wp-json\/wp\/v2\/comments?post=72"}],"version-history":[{"count":5,"href":"https:\/\/topdruk24.com\/en\/wp-json\/wp\/v2\/pages\/72\/revisions"}],"predecessor-version":[{"id":673,"href":"https:\/\/topdruk24.com\/en\/wp-json\/wp\/v2\/pages\/72\/revisions\/673"}],"wp:attachment":[{"href":"https:\/\/topdruk24.com\/en\/wp-json\/wp\/v2\/media?parent=72"}],"curies":[{"name":"wp","href":"https:\/\/api.w.org\/{rel}","templated":true}]}}